{"id":80,"date":"2023-11-12T19:53:30","date_gmt":"2023-11-12T19:53:30","guid":{"rendered":"https:\/\/spirapetfood.se\/?page_id=80"},"modified":"2025-08-04T10:47:44","modified_gmt":"2025-08-04T10:47:44","slug":"aterforsaljare","status":"publish","type":"page","link":"https:\/\/spirapetfood.se\/index.php\/aterforsaljare\/","title":{"rendered":"\u00c5terf\u00f6rs\u00e4ljare"},"content":{"rendered":"<p>[et_pb_section fb_built=&#8221;1&#8243; fullwidth=&#8221;on&#8221; next_background_color=&#8221;#ffffff&#8221; admin_label=&#8221;Header Section&#8221; _builder_version=&#8221;4.16&#8243; _module_preset=&#8221;default&#8221; background_color=&#8221;#000000&#8243; bottom_divider_style=&#8221;ramp&#8221; bottom_divider_flip=&#8221;horizontal&#8221; global_colors_info=&#8221;{}&#8221;][et_pb_fullwidth_header title=&#8221;SPIRA PET FOOD BY SWEDISH DOG ACADEMY&#8221; subhead=&#8221;Var kan du k\u00f6pa SPIRA?&#8221; header_fullscreen=&#8221;on&#8221; button_one_text=&#8221;Maila oss&#8221; button_one_url=&#8221;mailto:hej@spirapetfood.se&#8221; button_two_text=&#8221;Ring oss&#8221; button_two_url=&#8221;tel:+46413577575&#8243; content_max_width=&#8221;640px&#8221; _builder_version=&#8221;4.23.1&#8243; _dynamic_attributes=&#8221;button_one_url&#8221; _module_preset=&#8221;default&#8221; title_font=&#8221;Oswald|||on|||||&#8221; title_font_size=&#8221;20px&#8221; title_letter_spacing=&#8221;3px&#8221; title_line_height=&#8221;1.5em&#8221; content_font=&#8221;Lora||||||||&#8221; content_font_size=&#8221;22px&#8221; content_line_height=&#8221;2em&#8221; subhead_font=&#8221;Lora|700|||||||&#8221; subhead_font_size=&#8221;80px&#8221; subhead_line_height=&#8221;1.5em&#8221; background_color=&#8221;rgba(10,10,10,0.29)&#8221; background_image=&#8221;https:\/\/spirapetfood.se\/wp-content\/uploads\/2023\/11\/perfect-pets-cute-puppy-dog-in-shopping-cart-at-a-2022-11-15-21-05-49-utc-\u2013-medel.jpeg&#8221; background_blend=&#8221;hue&#8221; custom_button_one=&#8221;on&#8221; button_one_text_size=&#8221;16px&#8221; button_one_text_color=&#8221;#ffffff&#8221; button_one_bg_color=&#8221;#009bb1&#8243; button_one_border_width=&#8221;15px&#8221; button_one_border_color=&#8221;rgba(210,159,104,0)&#8221; button_one_border_radius=&#8221;100px&#8221; button_one_letter_spacing=&#8221;3px&#8221; button_one_font=&#8221;Oswald|||on|||||&#8221; button_one_use_icon=&#8221;off&#8221; custom_button_two=&#8221;on&#8221; button_two_text_size=&#8221;16px&#8221; button_two_text_color=&#8221;#ffffff&#8221; button_two_bg_color=&#8221;rgba(150,150,150,0.35)&#8221; button_two_border_width=&#8221;15px&#8221; button_two_border_color=&#8221;rgba(0,0,0,0)&#8221; button_two_border_radius=&#8221;100px&#8221; button_two_letter_spacing=&#8221;3px&#8221; button_two_font=&#8221;Oswald|||on|||||&#8221; button_two_use_icon=&#8221;off&#8221; custom_margin=&#8221;|||&#8221; custom_padding=&#8221;5vw||5vw||true|&#8221; animation_style=&#8221;zoom&#8221; animation_duration=&#8221;2000ms&#8221; animation_intensity_zoom=&#8221;4%&#8221; subhead_font_size_tablet=&#8221;80px&#8221; subhead_font_size_phone=&#8221;50px&#8221; subhead_font_size_last_edited=&#8221;on|desktop&#8221; button_one_border_radius_hover=&#8221;100px&#8221; button_one_bg_color_hover=&#8221;#cc8d66&#8243; button_two_bg_color_hover=&#8221;#d29f68&#8243; global_colors_info=&#8221;{}&#8221; button_one_text_size__hover_enabled=&#8221;off&#8221; button_two_text_size__hover_enabled=&#8221;off&#8221; button_one_text_color__hover_enabled=&#8221;off&#8221; button_two_text_color__hover_enabled=&#8221;off&#8221; button_one_border_width__hover_enabled=&#8221;off&#8221; button_two_border_width__hover_enabled=&#8221;off&#8221; button_one_border_color__hover_enabled=&#8221;off&#8221; button_two_border_color__hover_enabled=&#8221;off&#8221; button_one_border_radius__hover_enabled=&#8221;on&#8221; button_one_border_radius__hover=&#8221;100px&#8221; button_two_border_radius__hover_enabled=&#8221;off&#8221; button_one_letter_spacing__hover_enabled=&#8221;off&#8221; button_two_letter_spacing__hover_enabled=&#8221;off&#8221; button_one_bg_color__hover_enabled=&#8221;on|hover&#8221; button_one_bg_color__hover=&#8221;#E09900&#8243; button_two_bg_color__hover_enabled=&#8221;on|hover&#8221; button_two_bg_color__hover=&#8221;rgba(114,114,114,0.29)&#8221; button_one_bg_enable_color__hover=&#8221;on&#8221; button_two_bg_enable_color__hover=&#8221;on&#8221;]<\/p>\n<p style=\"text-align: left;\">Vi s\u00e4ljer inte foder eller godis via denna sajten. Du helt enkelt best\u00e4ller hos n\u00e5gon av \u00e5terf\u00f6rs\u00e4ljar sajterna ist\u00e4llet!<\/p>\n<p>[\/et_pb_fullwidth_header][\/et_pb_section][et_pb_section fb_built=&#8221;1&#8243; admin_label=&#8221;Kampanjer&#8221; _builder_version=&#8221;4.16&#8243; _module_preset=&#8221;default&#8221; background_color=&#8221;#ffffff&#8221; custom_padding=&#8221;24px|0px|24px|0px|true|false&#8221; global_colors_info=&#8221;{}&#8221;][et_pb_row column_structure=&#8221;1_2,1_2&#8243; _builder_version=&#8221;4.23.1&#8243; _module_preset=&#8221;default&#8221; global_colors_info=&#8221;{}&#8221;][et_pb_column type=&#8221;1_2&#8243; _builder_version=&#8221;4.23.1&#8243; _module_preset=&#8221;default&#8221; global_colors_info=&#8221;{}&#8221;][et_pb_blurb title=&#8221;HUNDBERG.SE &#8211; WEBSHOP&#8221; image=&#8221;https:\/\/spirapetfood.se\/wp-content\/uploads\/2025\/08\/Hundberg-logga-500.png&#8221; icon_alignment=&#8221;left&#8221; _builder_version=&#8221;4.27.4&#8243; _module_preset=&#8221;default&#8221; global_colors_info=&#8221;{}&#8221; title_text=&#8221;Hundberg-logga-500&#8243;]<\/p>\n<p>P\u00e5 Swedish Dog Academys webshop <a href=\"https:\/\/hundberg.se\">hundberg.se<\/a> kan du k\u00f6pa SPIRAs produkter samtidigt som du kan k\u00f6pa massor av andra roliga saker till din hund.<\/p>\n<p>P\u00e5 Swedish Dog Academys hundcenter i Marieholm, Sk\u00e5ne finns \u00e4ven en g\u00e5rdsbutik som \u00e4r \u00f6ppen i samband med kursverksamhet eller olika evenemang. Det g\u00e5r utm\u00e4rkt att bes\u00f6ka butiken enligt \u00f6verenskommelse ocks\u00e5!<\/p>\n<p>[\/et_pb_blurb][et_pb_button button_url=&#8221;https:\/\/hundberg.se&#8221; url_new_window=&#8221;on&#8221; button_text=&#8221;Bes\u00f6k webshop&#8221; _builder_version=&#8221;4.27.4&#8243; _module_preset=&#8221;default&#8221; hover_enabled=&#8221;0&#8243; global_colors_info=&#8221;{}&#8221; sticky_enabled=&#8221;0&#8243;][\/et_pb_button][\/et_pb_column][et_pb_column type=&#8221;1_2&#8243; _builder_version=&#8221;4.23.1&#8243; _module_preset=&#8221;default&#8221; global_colors_info=&#8221;{}&#8221;][\/et_pb_column][\/et_pb_row][\/et_pb_section][et_pb_section fb_built=&#8221;1&#8243; next_background_color=&#8221;#232220&#8243; admin_label=&#8221;Grafiskt element vitt&#8221; _builder_version=&#8221;4.16&#8243; _module_preset=&#8221;default&#8221; custom_padding=&#8221;0px||31px||false|false&#8221; bottom_divider_style=&#8221;ramp&#8221; background_last_edited=&#8221;off|desktop&#8221; global_colors_info=&#8221;{}&#8221; background__hover_enabled=&#8221;off|desktop&#8221;][\/et_pb_section][et_pb_section fb_built=&#8221;1&#8243; admin_label=&#8221;Footer Section&#8221; _builder_version=&#8221;4.23.1&#8243; _module_preset=&#8221;default&#8221; background_color=&#8221;#232220&#8243; use_background_color_gradient=&#8221;on&#8221; background_color_gradient_stops=&#8221;#232220 5%|rgba(35,34,32,0.13) 100%&#8221; background_color_gradient_overlays_image=&#8221;on&#8221; background_color_gradient_start=&#8221;#232220&#8243; background_color_gradient_start_position=&#8221;5%&#8221; background_color_gradient_end=&#8221;rgba(35,34,32,0.13)&#8221; background_image=&#8221;https:\/\/spirapetfood.se\/wp-content\/uploads\/2023\/11\/a-cat-and-a-dog-together-2022-10-31-22-12-54-utc-scaled.jpg&#8221; custom_padding=&#8221;80px|0px|80px|0px|true|false&#8221; saved_tabs=&#8221;all&#8221; global_colors_info=&#8221;{}&#8221;][\/et_pb_section]<\/p>\n","protected":false},"excerpt":{"rendered":"<p>Vi s\u00e4ljer inte foder eller godis via denna sajten. Du helt enkelt best\u00e4ller hos n\u00e5gon av \u00e5terf\u00f6rs\u00e4ljar sajterna ist\u00e4llet!P\u00e5 Swedish Dog Academys webshop hundberg.se kan du k\u00f6pa SPIRAs produkter samtidigt som du kan k\u00f6pa massor av andra roliga saker till din hund. P\u00e5 Swedish Dog Academys hundcenter i Marieholm, Sk\u00e5ne finns \u00e4ven en g\u00e5rdsbutik som [&hellip;]<\/p>\n","protected":false},"author":1,"featured_media":0,"parent":0,"menu_order":0,"comment_status":"closed","ping_status":"closed","template":"","meta":{"_et_pb_use_builder":"on","_et_pb_old_content":"","_et_gb_content_width":"","footnotes":""},"class_list":["post-80","page","type-page","status-publish","hentry"],"_links":{"self":[{"href":"https:\/\/spirapetfood.se\/index.php\/wp-json\/wp\/v2\/pages\/80","targetHints":{"allow":["GET"]}}],"collection":[{"href":"https:\/\/spirapetfood.se\/index.php\/wp-json\/wp\/v2\/pages"}],"about":[{"href":"https:\/\/spirapetfood.se\/index.php\/wp-json\/wp\/v2\/types\/page"}],"author":[{"embeddable":true,"href":"https:\/\/spirapetfood.se\/index.php\/wp-json\/wp\/v2\/users\/1"}],"replies":[{"embeddable":true,"href":"https:\/\/spirapetfood.se\/index.php\/wp-json\/wp\/v2\/comments?post=80"}],"version-history":[{"count":4,"href":"https:\/\/spirapetfood.se\/index.php\/wp-json\/wp\/v2\/pages\/80\/revisions"}],"predecessor-version":[{"id":116,"href":"https:\/\/spirapetfood.se\/index.php\/wp-json\/wp\/v2\/pages\/80\/revisions\/116"}],"wp:attachment":[{"href":"https:\/\/spirapetfood.se\/index.php\/wp-json\/wp\/v2\/media?parent=80"}],"curies":[{"name":"wp","href":"https:\/\/api.w.org\/{rel}","templated":true}]}}