{"id":177,"date":"2025-12-28T18:09:29","date_gmt":"2025-12-28T18:09:29","guid":{"rendered":"https:\/\/spirapetfood.se\/?post_type=product&#038;p=177"},"modified":"2025-12-28T18:20:49","modified_gmt":"2025-12-28T18:20:49","slug":"spira-hundfoder-light-senior-12kg","status":"publish","type":"product","link":"https:\/\/spirapetfood.se\/index.php\/produkt\/spira-hundfoder-light-senior-12kg\/","title":{"rendered":"SPIRA hundfoder &#8211; Light\/Senior 12kg"},"content":{"rendered":"<p>\u00c4ldre hund \/ vuxen hund l\u00e4tt Kalkon med S\u00f6tpotatis &amp; Tranb\u00e4r<\/p>\n","protected":false},"excerpt":{"rendered":"<p>\u00c4ldre hund \/ vuxen hund l\u00e4tt Kalkon med S\u00f6tpotatis &amp; Tranb\u00e4r<\/p>\n","protected":false},"featured_media":207,"comment_status":"open","ping_status":"closed","template":"","meta":{"_et_pb_use_builder":"","_et_pb_old_content":"","_et_gb_content_width":""},"product_brand":[32],"product_cat":[23,24],"product_tag":[37,38,34],"class_list":{"0":"post-177","1":"product","2":"type-product","3":"status-publish","4":"has-post-thumbnail","6":"product_brand-spira-pet-food","7":"product_cat-foder-till-vuxen-hund","8":"product_cat-foder-till-senior-hund","9":"product_tag-foder","10":"product_tag-hundfoder","11":"product_tag-spira","13":"first","14":"instock","15":"shipping-taxable","16":"purchasable","17":"product-type-simple"},"_links":{"self":[{"href":"https:\/\/spirapetfood.se\/index.php\/wp-json\/wp\/v2\/product\/177","targetHints":{"allow":["GET"]}}],"collection":[{"href":"https:\/\/spirapetfood.se\/index.php\/wp-json\/wp\/v2\/product"}],"about":[{"href":"https:\/\/spirapetfood.se\/index.php\/wp-json\/wp\/v2\/types\/product"}],"replies":[{"embeddable":true,"href":"https:\/\/spirapetfood.se\/index.php\/wp-json\/wp\/v2\/comments?post=177"}],"wp:featuredmedia":[{"embeddable":true,"href":"https:\/\/spirapetfood.se\/index.php\/wp-json\/wp\/v2\/media\/207"}],"wp:attachment":[{"href":"https:\/\/spirapetfood.se\/index.php\/wp-json\/wp\/v2\/media?parent=177"}],"wp:term":[{"taxonomy":"product_brand","embeddable":true,"href":"https:\/\/spirapetfood.se\/index.php\/wp-json\/wp\/v2\/product_brand?post=177"},{"taxonomy":"product_cat","embeddable":true,"href":"https:\/\/spirapetfood.se\/index.php\/wp-json\/wp\/v2\/product_cat?post=177"},{"taxonomy":"product_tag","embeddable":true,"href":"https:\/\/spirapetfood.se\/index.php\/wp-json\/wp\/v2\/product_tag?post=177"}],"curies":[{"name":"wp","href":"https:\/\/api.w.org\/{rel}","templated":true}]}}