{"id":201,"date":"2025-12-28T18:09:31","date_gmt":"2025-12-28T18:09:31","guid":{"rendered":"https:\/\/spirapetfood.se\/?post_type=product&#038;p=201"},"modified":"2025-12-28T18:21:55","modified_gmt":"2025-12-28T18:21:55","slug":"spira-hundfoder-lamm-for-sma-hundar-6kg","status":"publish","type":"product","link":"https:\/\/spirapetfood.se\/index.php\/produkt\/spira-hundfoder-lamm-for-sma-hundar-6kg\/","title":{"rendered":"SPIRA hundfoder &#8211; Lamm (f\u00f6r sm\u00e5 hundar) 6kg"},"content":{"rendered":"<p>Vuxen hund Liten Ras Lamm med S\u00f6tpotatis &amp; Mynta<\/p>\n","protected":false},"excerpt":{"rendered":"<p>Vuxen hund Liten Ras Lamm med S\u00f6tpotatis &amp; Mynta<\/p>\n","protected":false},"featured_media":210,"comment_status":"open","ping_status":"closed","template":"","meta":{"_et_pb_use_builder":"","_et_pb_old_content":"","_et_gb_content_width":""},"product_brand":[32],"product_cat":[23],"product_tag":[37,38,34],"class_list":{"0":"post-201","1":"product","2":"type-product","3":"status-publish","4":"has-post-thumbnail","6":"product_brand-spira-pet-food","7":"product_cat-foder-till-vuxen-hund","8":"product_tag-foder","9":"product_tag-hundfoder","10":"product_tag-spira","12":"first","13":"instock","14":"shipping-taxable","15":"purchasable","16":"product-type-simple"},"_links":{"self":[{"href":"https:\/\/spirapetfood.se\/index.php\/wp-json\/wp\/v2\/product\/201","targetHints":{"allow":["GET"]}}],"collection":[{"href":"https:\/\/spirapetfood.se\/index.php\/wp-json\/wp\/v2\/product"}],"about":[{"href":"https:\/\/spirapetfood.se\/index.php\/wp-json\/wp\/v2\/types\/product"}],"replies":[{"embeddable":true,"href":"https:\/\/spirapetfood.se\/index.php\/wp-json\/wp\/v2\/comments?post=201"}],"wp:featuredmedia":[{"embeddable":true,"href":"https:\/\/spirapetfood.se\/index.php\/wp-json\/wp\/v2\/media\/210"}],"wp:attachment":[{"href":"https:\/\/spirapetfood.se\/index.php\/wp-json\/wp\/v2\/media?parent=201"}],"wp:term":[{"taxonomy":"product_brand","embeddable":true,"href":"https:\/\/spirapetfood.se\/index.php\/wp-json\/wp\/v2\/product_brand?post=201"},{"taxonomy":"product_cat","embeddable":true,"href":"https:\/\/spirapetfood.se\/index.php\/wp-json\/wp\/v2\/product_cat?post=201"},{"taxonomy":"product_tag","embeddable":true,"href":"https:\/\/spirapetfood.se\/index.php\/wp-json\/wp\/v2\/product_tag?post=201"}],"curies":[{"name":"wp","href":"https:\/\/api.w.org\/{rel}","templated":true}]}}