{"id":203,"date":"2025-12-28T18:09:32","date_gmt":"2025-12-28T18:09:32","guid":{"rendered":"https:\/\/spirapetfood.se\/?post_type=product&#038;p=203"},"modified":"2025-12-28T18:18:47","modified_gmt":"2025-12-28T18:18:47","slug":"spira-veterinarfoder-gastrointenstinal-10kg","status":"publish","type":"product","link":"https:\/\/spirapetfood.se\/index.php\/produkt\/spira-veterinarfoder-gastrointenstinal-10kg\/","title":{"rendered":"SPIRA veterin\u00e4rfoder &#8211; Gastrointenstinal 10kg"},"content":{"rendered":"<p class=\"p1\">Ett friskt matsm\u00e4ltningssystem \u00e4r mycket viktigt f\u00f6r hundens allm\u00e4nna h\u00e4lsa.<\/p>\n<p class=\"p1\">Huvudrollen f\u00f6r matsm\u00e4ltningssystemet (gastrointestinala systemet) \u00e4r att sm\u00e4lta maten och absorbera n\u00e4rings\u00e4mnena f\u00f6r att anv\u00e4nda dem f\u00f6r energi, tillv\u00e4xt, underh\u00e5ll och reparation. Matsm\u00e4ltningskanalen utg\u00f6r ocks\u00e5 en barri\u00e4r mellan den yttre milj\u00f6n och hundens inre milj\u00f6, vilket h\u00e5ller ute potentiellt patogena organismer och skadliga \u00e4mnen.<\/p>\n<p class=\"p1\">D\u00e5lig matsm\u00e4ltningsh\u00e4lsa kan orsaka obehag f\u00f6r hundar, v\u00e4cka oro hos \u00e4gare och eventuellt kr\u00e4va veterin\u00e4ringripande.<\/p>\n<p><strong>ANALYTISKA BEST\u00c5NDSDELAR <\/strong><br \/>\nR\u00e5protein 25%<br \/>\nR\u00e5fett 15,5%<br \/>\nR\u00e5fiber 4%<br \/>\nR\u00e5aska 7%<br \/>\nFukt 8%<br \/>\nNFE 40,5%<br \/>\nMetaboliserbar energi 374 kcal\/100g<br \/>\nOmega-6 fettsyror 3,1%<br \/>\nOmega-3 fettsyror 0,6%<br \/>\nKalcium 1%<br \/>\nFosfor 0,7%<br \/>\nKollagen 1,9 %<\/p>\n<p class=\"p1\"><strong>UTFODRINGSGUIDE<br \/>\n<\/strong><i>Vikt p\u00e5 vuxen hund (kg) Gram (g) per dag<\/i><\/p>\n<p class=\"p3\"><i>1 &#8211; 5 kg: 25-85g<br \/>\n<\/i><i>5 &#8211; 1 0 kg: 85-140g<br \/>\n<\/i><i>1 0 &#8211; 2 0 kg: 140-235g<br \/>\n<\/i><i>2 0 &#8211; 3 0 kg: 235-320g<br \/>\n<\/i><i>3 0 &#8211; 4 0 kg: 320-400g<br \/>\n<\/i><i>4 0 + kg: 400+ g<\/i><i><\/i><\/p>\n<p class=\"p2\"><i>Alla djur \u00e4r olika, och riktlinjerna b\u00f6r anpassas f\u00f6r att ta h\u00e4nsyn till <\/i><i>ras, \u00e5lder, temperament och aktivitetsniv\u00e5 f\u00f6r det enskilda djuret. <\/i><i>N\u00e4r du byter foder, introducera det gradvis under en period av tv\u00e5 <\/i><i>veckor. Se alltid till att det finns f\u00e4rskt, rent vatten tillg\u00e4ngligt.<\/i><\/p>\n<p><strong>EXTRA INFO<\/strong><\/p>\n<ul>\n<li class=\"p1\"><i>Form p\u00e5 foderkulan: Hj\u00e4rtan<\/i><\/li>\n<li class=\"p1\"><i>L\u00e4ngd p\u00e5 foderkulan: 5 mm<\/i><\/li>\n<li class=\"p1\"><i>Bredd p\u00e5 foderkulan: 14 mm<\/i><\/li>\n<li class=\"p1\"><i>H\u00e5llbarhet. Upp till 18 m\u00e5nader<\/i><\/li>\n<li class=\"p1\"><i>F\u00f6rvaring . Kall, torr plats<\/i><\/li>\n<\/ul>\n","protected":false},"excerpt":{"rendered":"<p>Detta foder \u00e4r till vuxna hundar med matsm\u00e4ltningsproblematik.<\/p>\n<ul>\n<li class=\"p1\"><i>V\u00e5rt Gastrointestinal <\/i><i>Matsm\u00e4ltningsv\u00e5rd har <\/i><i>visat sig uppvisa en <\/i><i>95% proteinsm\u00e4ltbarhet<\/i><\/li>\n<li>Viktiga postbiotiska komponenter, inklusive aminosyror och nukleotider, har visat sig ha f\u00f6rdelaktiga effekter p\u00e5 matsm\u00e4ltningsh\u00e4lsan och immunsystemets funktion hos hundar.<\/li>\n<li>Hydrolyserat kalkonprotein till peptider med l\u00e5g molekylvikt hj\u00e4lper till att undvika kostallergi-\/k\u00e4nslighetsreaktioner.<\/li>\n<li>Tillskott av postbiotika ger n\u00e4ring \u00e5t tarmmikrobiomet och bidrar till att minska de f\u00f6reningar som bidrar till d\u00e5lig avf\u00f6ringslukt.<\/li>\n<li>Inkluderingen av lignocellulosa hj\u00e4lper till att f\u00f6rb\u00e4ttra n\u00e4ringsupptaget och optimera avf\u00f6ringskvaliteten.<\/li>\n<\/ul>\n<p><strong>SAMMANS\u00c4TTNING<br \/>\n<\/strong><i>F\u00e4rsk F\u00f6rberedd hydrolyserad kalkon (26 %), s\u00f6tpotatis, <\/i><i>potatis, hydrolyserad torkad kalkon (11,5 %), kalkonfett <\/i><i>(9 %), \u00e4rtprotein, lignocellulosa (2,5 %), hydrolyserad <\/i><i>kalkons\u00e5s (2,5 %), mineraler, torkad j\u00e4st (Saccharomyces <\/i><i>cerevisiae) (0,7 %), torkad ringblomma (k\u00e4lla till lutein)<\/i><\/p>\n","protected":false},"featured_media":224,"comment_status":"open","ping_status":"closed","template":"","meta":{"_et_pb_use_builder":"","_et_pb_old_content":"","_et_gb_content_width":""},"product_brand":[32],"product_cat":[22],"product_tag":[37,38,34,50],"class_list":{"0":"post-203","1":"product","2":"type-product","3":"status-publish","4":"has-post-thumbnail","6":"product_brand-spira-pet-food","7":"product_cat-veterinarfoder","8":"product_tag-foder","9":"product_tag-hundfoder","10":"product_tag-spira","11":"product_tag-veterinarfoder","13":"first","14":"instock","15":"shipping-taxable","16":"purchasable","17":"product-type-simple"},"_links":{"self":[{"href":"https:\/\/spirapetfood.se\/index.php\/wp-json\/wp\/v2\/product\/203","targetHints":{"allow":["GET"]}}],"collection":[{"href":"https:\/\/spirapetfood.se\/index.php\/wp-json\/wp\/v2\/product"}],"about":[{"href":"https:\/\/spirapetfood.se\/index.php\/wp-json\/wp\/v2\/types\/product"}],"replies":[{"embeddable":true,"href":"https:\/\/spirapetfood.se\/index.php\/wp-json\/wp\/v2\/comments?post=203"}],"wp:featuredmedia":[{"embeddable":true,"href":"https:\/\/spirapetfood.se\/index.php\/wp-json\/wp\/v2\/media\/224"}],"wp:attachment":[{"href":"https:\/\/spirapetfood.se\/index.php\/wp-json\/wp\/v2\/media?parent=203"}],"wp:term":[{"taxonomy":"product_brand","embeddable":true,"href":"https:\/\/spirapetfood.se\/index.php\/wp-json\/wp\/v2\/product_brand?post=203"},{"taxonomy":"product_cat","embeddable":true,"href":"https:\/\/spirapetfood.se\/index.php\/wp-json\/wp\/v2\/product_cat?post=203"},{"taxonomy":"product_tag","embeddable":true,"href":"https:\/\/spirapetfood.se\/index.php\/wp-json\/wp\/v2\/product_tag?post=203"}],"curies":[{"name":"wp","href":"https:\/\/api.w.org\/{rel}","templated":true}]}}