{"id":227,"date":"2025-12-28T18:09:52","date_gmt":"2025-12-28T18:09:52","guid":{"rendered":"https:\/\/spirapetfood.se\/?post_type=product&#038;p=227"},"modified":"2025-12-28T18:18:29","modified_gmt":"2025-12-28T18:18:29","slug":"spira-veterinarfoder-viktkontroll-ledvard-15kg","status":"publish","type":"product","link":"https:\/\/spirapetfood.se\/index.php\/produkt\/spira-veterinarfoder-viktkontroll-ledvard-15kg\/","title":{"rendered":"SPIRA veterin\u00e4rfoder &#8211; Viktkontroll &#038; ledv\u00e5rd 1,5kg"},"content":{"rendered":"<p class=\"p1\">Att uppr\u00e4tth\u00e5lla en h\u00e4lsosam vikt hos hundar \u00e4r avg\u00f6rande f\u00f6r l\u00e5ngsiktig vardaglig h\u00e4lsa och v\u00e4lbefinnande.<\/p>\n<p class=\"p1\">Kliniska studier har visat att upp till 65 % av hundarna \u00e4r \u00f6verviktiga eller \u00f6ver sin idealvikt.<\/p>\n<p class=\"p1\">\u00d6vervikt kan ha negativa effekter p\u00e5 h\u00e4lsa och v\u00e4lf\u00e4rd genom att \u00f6ka risken f\u00f6r sjukdomar, orsaka funktionsneds\u00e4ttning, f\u00f6rkorta livsl\u00e4ngden och minska den \u00f6vergripande livskvaliteten.<\/p>\n<p class=\"p1\">Faktorer som kan p\u00e5verka en hunds kroppsvikt inkluderar matintag, aktivitetsniv\u00e5, kastrationsstatus, k\u00f6n, \u00e4mnesoms\u00e4ttning och genetik.<\/p>\n<p class=\"p1\">\u00d6kad vikt hos hundar \u00e4r en komplex fr\u00e5ga, men en l\u00e4mpligt formulerad diet kan vara en del av l\u00f6sningen f\u00f6r att hj\u00e4lpa hund\u00e4gare att hantera en h\u00e4lsosam kroppsvikt f\u00f6r sina hundar.<\/p>\n<p><strong>ANALYTISKA BEST\u00c5NDSDELAR <\/strong><br \/>\nR\u00e5protein. 29%<br \/>\nR\u00e5fett. 9%<br \/>\nR\u00e5fiber. 8,5%<br \/>\nR\u00e5aska. 7%<br \/>\nFuktighet. 8%<br \/>\nNFE . 38,5%<br \/>\nMetaboliserbar Energi. 315 kCal\/100g<br \/>\nOmega-6 Fettsyror. 1,2%<br \/>\nOmega-3 Fettsyror. 1,4%<br \/>\nKalcium. 1,2%<br \/>\nFosfor. 1%<br \/>\nKollagen. 1,3%<\/p>\n<p class=\"p1\"><strong>UTFODRINGSGUIDE<br \/>\n<\/strong><i>Vikt p\u00e5 vuxen hund (kg) Gram (g) per dag<\/i><\/p>\n<p class=\"p3\"><i><strong>F\u00f6r viktnedg\u00e5ng:\u00a0<\/strong><br \/>\n1 &#8211; 5 kg: 20-75g<br \/>\n<\/i><i>5 &#8211; 1 0 kg: 75-125g<br \/>\n<\/i><i>1 0 &#8211; 2 0 kg: 125-210g<br \/>\n<\/i><i>2 0 &#8211; 3 0 kg: 210-285g<br \/>\n<\/i><i>3 0 &#8211; 4 0 kg: 285-355g<br \/>\n<\/i><i>4 0 &#8211; 5 0 kg: 355-420g<\/i><i><\/i><\/p>\n<p><i><strong>F\u00f6r viktunderh\u00e5ll:\u00a0<\/strong><br \/>\n1 &#8211; 5 kg: 25-90g<br \/>\n<\/i><i>5 &#8211; 1 0 kg: 90-150g<br \/>\n<\/i><i>1 0 &#8211; 2 0 kg: 150-255g<br \/>\n<\/i><i>2 0 &#8211; 3 0 kg: 255-345g<br \/>\n<\/i><i>3 0 &#8211; 4 0 kg: 345-430g<br \/>\n<\/i><i>4 0 &#8211; 5 0 kg: 430-505g<\/i><\/p>\n<p class=\"p2\"><i>Alla djur \u00e4r olika, och riktlinjerna b\u00f6r anpassas f\u00f6r att ta h\u00e4nsyn till <\/i><i>ras, \u00e5lder, temperament och aktivitetsniv\u00e5 f\u00f6r det enskilda djuret. <\/i><i>N\u00e4r du byter foder, introducera det gradvis under en period av tv\u00e5 <\/i><i>veckor. Se alltid till att det finns f\u00e4rskt, rent vatten tillg\u00e4ngligt.<\/i><\/p>\n<p><strong>EXTRA INFO<\/strong><\/p>\n<ul>\n<li class=\"p1\"><i>Form p\u00e5 foderkulan: Hj\u00e4rtan<\/i><\/li>\n<li class=\"p1\"><i>L\u00e4ngd p\u00e5 foderkulan: 5 mm<\/i><\/li>\n<li class=\"p1\"><i>Bredd p\u00e5 foderkulan: 13,5 mm<\/i><\/li>\n<li class=\"p1\"><i>H\u00e5llbarhet. Upp till 18 m\u00e5nader<\/i><\/li>\n<li class=\"p1\"><i>F\u00f6rvaring . Kall, torr plats<\/i><\/li>\n<\/ul>\n","protected":false},"excerpt":{"rendered":"<p>Detta foder \u00e4r till vuxna hundar som beh\u00f6ver hj\u00e4lp och st\u00f6d med viktnedg\u00e5ng eller kontroll samt ledv\u00e5rd.<\/p>\n<ul>\n<li class=\"p1\">V\u00e5rt foder f\u00f6r Viktkontroll och ledv\u00e5rd har i studier visat sig att 90% av hundarna uppn\u00e5dde en h\u00e4lsosammare vikt.<\/li>\n<li class=\"p1\">L\u00e4ngre m\u00e4ttnad. Hydrolyserade fiskpeptider stimulerar aptitd\u00e4mpande hormoner som \u00f6kar m\u00e4ttnadsk\u00e4nslan.<\/li>\n<li class=\"p1\">Kollagenpeptider hj\u00e4lper till att st\u00f6dja brosket, vilket \u00e4r viktigt f\u00f6r friska leder.<\/li>\n<li>H\u00f6g proteinhalt, l\u00e5g kaloriniv\u00e5 f\u00f6r att st\u00f6dja mager muskelmassa och en h\u00e4lsosam vikt.<\/li>\n<li>\u00d6kat kostfiber anses vara en bidragande faktor till m\u00e4ttnad.<\/li>\n<li>Gr\u00f6nl\u00e4ppad mussla inneh\u00e5ller kondroprotektiva f\u00f6reningar som \u00e4r f\u00f6rdelaktiga f\u00f6r ledh\u00e4lsan.<\/li>\n<li>L-karnitin uppmuntrar fettoxidation, vilket kan hj\u00e4lpa till att minska kroppsfettlagren<\/li>\n<\/ul>\n<p><strong>SAMMANS\u00c4TTNING<br \/>\n<\/strong><i>F\u00e4rsk F\u00f6rberedd Hydrolyserad Vitfisk (26%), Potatis, <\/i><i>Hydrolyserad Torkad Vitfisk (11,5%), \u00c4rtprotein, S\u00f6tpotatis, <\/i><i>Laxolja (5,5%), Lignocellulosa (5,5%), Betmassa (4%), <\/i><i>\u00c4rtfiber (4%), Hydrolyserad Laxs\u00e5s (2,5%), Mineraler, <\/i><i>Gr\u00f6nl\u00e4ppad Mussla (0,3%), Ringblomma (K\u00e4lla till Lutein)<\/i><\/p>\n","protected":false},"featured_media":235,"comment_status":"open","ping_status":"closed","template":"","meta":{"_et_pb_use_builder":"","_et_pb_old_content":"","_et_gb_content_width":""},"product_brand":[32],"product_cat":[22],"product_tag":[37,38,34,50],"class_list":{"0":"post-227","1":"product","2":"type-product","3":"status-publish","4":"has-post-thumbnail","6":"product_brand-spira-pet-food","7":"product_cat-veterinarfoder","8":"product_tag-foder","9":"product_tag-hundfoder","10":"product_tag-spira","11":"product_tag-veterinarfoder","13":"first","14":"instock","15":"shipping-taxable","16":"purchasable","17":"product-type-simple"},"_links":{"self":[{"href":"https:\/\/spirapetfood.se\/index.php\/wp-json\/wp\/v2\/product\/227","targetHints":{"allow":["GET"]}}],"collection":[{"href":"https:\/\/spirapetfood.se\/index.php\/wp-json\/wp\/v2\/product"}],"about":[{"href":"https:\/\/spirapetfood.se\/index.php\/wp-json\/wp\/v2\/types\/product"}],"replies":[{"embeddable":true,"href":"https:\/\/spirapetfood.se\/index.php\/wp-json\/wp\/v2\/comments?post=227"}],"wp:featuredmedia":[{"embeddable":true,"href":"https:\/\/spirapetfood.se\/index.php\/wp-json\/wp\/v2\/media\/235"}],"wp:attachment":[{"href":"https:\/\/spirapetfood.se\/index.php\/wp-json\/wp\/v2\/media?parent=227"}],"wp:term":[{"taxonomy":"product_brand","embeddable":true,"href":"https:\/\/spirapetfood.se\/index.php\/wp-json\/wp\/v2\/product_brand?post=227"},{"taxonomy":"product_cat","embeddable":true,"href":"https:\/\/spirapetfood.se\/index.php\/wp-json\/wp\/v2\/product_cat?post=227"},{"taxonomy":"product_tag","embeddable":true,"href":"https:\/\/spirapetfood.se\/index.php\/wp-json\/wp\/v2\/product_tag?post=227"}],"curies":[{"name":"wp","href":"https:\/\/api.w.org\/{rel}","templated":true}]}}