{"id":229,"date":"2025-12-28T18:09:52","date_gmt":"2025-12-28T18:09:52","guid":{"rendered":"https:\/\/spirapetfood.se\/?post_type=product&#038;p=229"},"modified":"2025-12-28T18:18:35","modified_gmt":"2025-12-28T18:18:35","slug":"spira-veterinarfoder-hud-och-palsvard-10kg","status":"publish","type":"product","link":"https:\/\/spirapetfood.se\/index.php\/produkt\/spira-veterinarfoder-hud-och-palsvard-10kg\/","title":{"rendered":"SPIRA veterin\u00e4rfoder &#8211; Hud- och P\u00e4lsv\u00e5rd 10kg"},"content":{"rendered":"<p class=\"p1\">En hunds hud- och p\u00e4lsstatus och utseende fungerar som omedelbara indikatorer p\u00e5 dess allm\u00e4nna h\u00e4lsa och v\u00e4lbefinnande.<\/p>\n<p class=\"p1\">Veterin\u00e4rer har erk\u00e4nt dermatologiska st\u00f6rningar hos hundar som ett stort problem inom sm\u00e5djurspraktik, med en uppskattning av att 15-30% av hundpopulationen v\u00e4rlden \u00f6ver lider av hudproblem.<\/p>\n<p class=\"p1\">Detta fodret har skapats speciellt f\u00f6r att st\u00f6dja hudens och p\u00e4lsens h\u00e4lsa.<\/p>\n<p><strong>ANALYTISKA BEST\u00c5NDSDELAR <\/strong><br \/>\nR\u00e5protein 25%<br \/>\nR\u00e5fett 15%<br \/>\nR\u00e5fiber 2,5%<br \/>\nR\u00e5aska 7,5%<br \/>\nFukt 8%<br \/>\nNFE 42%<br \/>\nMetaboliserbar energi 381 kcal\/100g<br \/>\nOmega-6 fettsyror 3,7%<br \/>\nOmega-3 fettsyror 2%<br \/>\nKalcium 1,3%<br \/>\nFosfor 1,1%<br \/>\nKollagen 2,9 %<\/p>\n<p class=\"p1\"><strong>UTFODRINGSGUIDE<br \/>\n<\/strong><i>Vikt p\u00e5 vuxen hund (kg) Gram (g) per dag<\/i><\/p>\n<p class=\"p3\"><i>1 &#8211; 5 kg: 25-80g<br \/>\n<\/i><i>5 &#8211; 1 0 kg: 80-140g<br \/>\n<\/i><i>1 0 &#8211; 2 0 kg: 140-230g<br \/>\n<\/i><i>2 0 &#8211; 3 0 kg: 230-315g<br \/>\n<\/i><i>3 0 &#8211; 4 0 kg: 315-390g<br \/>\n<\/i><i>4 0 + kg: 390+ g<\/i><i><\/i><\/p>\n<p class=\"p2\"><i>Alla djur \u00e4r olika, och riktlinjerna b\u00f6r anpassas f\u00f6r att ta h\u00e4nsyn till <\/i><i>ras, \u00e5lder, temperament och aktivitetsniv\u00e5 f\u00f6r det enskilda djuret. <\/i><i>N\u00e4r du byter foder, introducera det gradvis under en period av tv\u00e5 <\/i><i>veckor. Se alltid till att det finns f\u00e4rskt, rent vatten tillg\u00e4ngligt.<\/i><\/p>\n<p><strong>EXTRA INFO<\/strong><\/p>\n<ul>\n<li class=\"p1\"><i>Form p\u00e5 foderkulan: Hj\u00e4rtan<\/i><\/li>\n<li class=\"p1\"><i>L\u00e4ngd p\u00e5 foderkulan: 5 mm<\/i><\/li>\n<li class=\"p1\"><i>Bredd p\u00e5 foderkulan: 13,5 mm<\/i><\/li>\n<li class=\"p1\"><i>H\u00e5llbarhet. Upp till 18 m\u00e5nader<\/i><\/li>\n<li class=\"p1\"><i>F\u00f6rvaring . Kall, torr plats<\/i><\/li>\n<\/ul>\n","protected":false},"excerpt":{"rendered":"<p>Detta foder \u00e4r till vuxna hundar med Hud- &amp; P\u00e4lsproblematik.<\/p>\n<p class=\"p1\">En hunds hud- och p\u00e4lsstatus och utseende fungerar som omedelbara indikatorer p\u00e5 dess allm\u00e4nna h\u00e4lsa och v\u00e4lbefinnande.<\/p>\n<p class=\"p1\">Veterin\u00e4rer har erk\u00e4nt dermatologiska st\u00f6rningar hos hundar som ett stort problem inom sm\u00e5djurspraktik, med en uppskattning av att 15-30% av hundpopulationen v\u00e4rlden \u00f6ver lider av hudproblem.<\/p>\n<p class=\"p1\">Detta fodret har skapats speciellt f\u00f6r att st\u00f6dja hudens och p\u00e4lsens h\u00e4lsa.<\/p>\n<ul>\n<li class=\"p1\">75% av de djur\u00e4gare som deltog i utfodringsf\u00f6rs\u00f6ken rapporterade att de s\u00e5g f\u00f6rb\u00e4ttringar i sina hundars hud- och p\u00e4lsf\u00f6rh\u00e5llanden.<\/li>\n<li class=\"p1\">Hydrolyserade laxpeptider hj\u00e4lper till att bibeh\u00e5lla och reparera huden och dess barri\u00e4rfunktion.<\/li>\n<li class=\"p1\">Inneh\u00e5ller optimala niv\u00e5er av omega-3 och 6 f\u00f6r att beh\u00e5lla hudens fuktighet och fr\u00e4mja en mjuk, glansig p\u00e4ls.<\/li>\n<li class=\"p1\">Kollagenpeptider st\u00f6der hudens elasticitet och \u00f6vergripande hudh\u00e4lsa.<\/li>\n<li class=\"p1\">L\u00e5ngkedjiga flerom\u00e4ttade fettsyror EPA och DHA fr\u00e4mjar naturliga antiinflammatoriska effekter.<\/li>\n<li class=\"p1\">Kortkedjiga peptider har mycket l\u00e5g antigenisk potential, vilket bidrar till att minimera risken f\u00f6r negativa reaktioner i samband med kostproblem.<\/li>\n<li class=\"p1\">Idealisk f\u00f6r husdjur med spannm\u00e5lsintolerans eller k\u00e4nslighet.<\/li>\n<\/ul>\n<p><strong>SAMMANS\u00c4TTNING<br \/>\n<\/strong><i>F\u00e4rsk F\u00f6rberedd Hydrolyserad Lax (35%), Potatis, S\u00f6tpotatis, <\/i><i>Hydrolyserad Torkad Vit Fisk (14%), Laxolja (4%), Betmassa, <\/i><i>Sojaolja (3%), Hydrolyserad Laxs\u00e5s (2,5%), Mineraler, Torkade <\/i><i>Alger (Schizochytrium sp.) (0,2%), Boragoolja (0,2%), Ringblomma <\/i><i>(K\u00e4lla till Lutein)<\/i><\/p>\n","protected":false},"featured_media":232,"comment_status":"open","ping_status":"closed","template":"","meta":{"_et_pb_use_builder":"","_et_pb_old_content":"","_et_gb_content_width":""},"product_brand":[32],"product_cat":[22],"product_tag":[37,38,34,50],"class_list":{"0":"post-229","1":"product","2":"type-product","3":"status-publish","4":"has-post-thumbnail","6":"product_brand-spira-pet-food","7":"product_cat-veterinarfoder","8":"product_tag-foder","9":"product_tag-hundfoder","10":"product_tag-spira","11":"product_tag-veterinarfoder","13":"first","14":"instock","15":"shipping-taxable","16":"purchasable","17":"product-type-simple"},"_links":{"self":[{"href":"https:\/\/spirapetfood.se\/index.php\/wp-json\/wp\/v2\/product\/229","targetHints":{"allow":["GET"]}}],"collection":[{"href":"https:\/\/spirapetfood.se\/index.php\/wp-json\/wp\/v2\/product"}],"about":[{"href":"https:\/\/spirapetfood.se\/index.php\/wp-json\/wp\/v2\/types\/product"}],"replies":[{"embeddable":true,"href":"https:\/\/spirapetfood.se\/index.php\/wp-json\/wp\/v2\/comments?post=229"}],"wp:featuredmedia":[{"embeddable":true,"href":"https:\/\/spirapetfood.se\/index.php\/wp-json\/wp\/v2\/media\/232"}],"wp:attachment":[{"href":"https:\/\/spirapetfood.se\/index.php\/wp-json\/wp\/v2\/media?parent=229"}],"wp:term":[{"taxonomy":"product_brand","embeddable":true,"href":"https:\/\/spirapetfood.se\/index.php\/wp-json\/wp\/v2\/product_brand?post=229"},{"taxonomy":"product_cat","embeddable":true,"href":"https:\/\/spirapetfood.se\/index.php\/wp-json\/wp\/v2\/product_cat?post=229"},{"taxonomy":"product_tag","embeddable":true,"href":"https:\/\/spirapetfood.se\/index.php\/wp-json\/wp\/v2\/product_tag?post=229"}],"curies":[{"name":"wp","href":"https:\/\/api.w.org\/{rel}","templated":true}]}}